


{"id":124464,"date":"2018-05-26T10:58:43","date_gmt":"2018-05-26T10:58:43","guid":{"rendered":"https:\/\/volvoreta.com\/?page_id=124464"},"modified":"2018-06-29T08:57:02","modified_gmt":"2018-06-29T08:57:02","slug":"preguntas-frecuentes-faq","status":"publish","type":"page","link":"https:\/\/volvoreta.com\/es\/preguntas-frecuentes-faq\/","title":{"rendered":"Preguntas frecuentes &#8211; FAQ"},"content":{"rendered":"<p>[et_pb_section bb_built=\u00bb1&#8243; fullwidth=\u00bboff\u00bb specialty=\u00bboff\u00bb next_background_color=\u00bb#000000&#8243;][et_pb_row][et_pb_column type=\u00bb4_4&#8243;][\/et_pb_column][\/et_pb_row][\/et_pb_section][et_pb_section bb_built=\u00bb1&#8243; next_background_color=\u00bb#000000&#8243; prev_background_color=\u00bb#000000&#8243;][et_pb_row][et_pb_column type=\u00bb4_4&#8243;][et_pb_divider _builder_version=\u00bb3.7.1&#8243; show_divider=\u00bboff\u00bb height=\u00bb50px\u00bb disabled=\u00bboff\u00bb disabled_on=\u00bb||on\u00bb \/][et_pb_text _builder_version=\u00bb3.7.1&#8243;]<\/p>\n<p><strong>PREGUNTAS FRECUENTES<\/strong><\/p>\n<p>&nbsp;<\/p>\n<p><strong>Horario<\/strong><br \/>\nNos quedamos desde que empez\u00e1is a vestiros (2 horas en casa de la novia y 1.30 hora en la del novio). Hasta una hora de fiesta. Pasada la hora, podr\u00e1n contratarse todas las horas extra que se quiera.<\/p>\n<p><strong>Desplazamientos<\/strong><br \/>\nTenemos sede en Madrid y acabamos de abrir sede de fotograf\u00eda en Vigo. Nos encanta viajar y nos desplazamos por toda Espa\u00f1a y fuera de Espa\u00f1a. Solo habr\u00e1 que a\u00f1adir el kilometraje, dietas\u00a0 y hotel.<\/p>\n<p><strong>Un fot\u00f3grafo o dos<\/strong><br \/>\nSi es una boda de menos de 100 personas, solemos recomendar solo una persona, pero lo dejamos a elecci\u00f3n vuestra. M\u00e1s de 200 invitados, siempre recomendamos 2 personas. En video siempre recomendamos 2 vide\u00f3grafos para que podamos hacer un video cinemat\u00f3grafico y captar un mismo momento desde varios \u00e1ngulos.<\/p>\n<p><strong>Plazos de entrega<\/strong><br \/>\nSe entregar\u00e1 el reportaje completo a 3 meses de la boda, y para que no os mord\u00e1is las u\u00f1as hasta entonces, se os dar\u00e1 20 d\u00edas despu\u00e9s de la boda, un adelanto con 50 im\u00e1genes de la boda.<\/p>\n<p><strong>Archivos libres<\/strong><br \/>\nEn fotograf\u00eda tendr\u00e9is un m\u00ednimo de entre 600 &#8211; 1.000 im\u00e1genes en alta calidad y sin marcas de agua. En video, dos clips en HD de 3 y 10 minutos como m\u00ednimo respectivamente. Os entregaremos las fotos y el v\u00eddeo en un USB y guardaremos los archivos 1 a\u00f1o para que acud\u00e1is a nosotros en el caso de que teng\u00e1is alg\u00fan problema.<\/p>\n<p><strong>Impresiones y Galer\u00eda<\/strong><br \/>\nSiempre entregamos el pack de fotograf\u00eda 20 copias impresas elegidas a nuestro criterio. Si prefieres que hagamos la entrega completa sin las copias y elegir las 20 impresas a posteriori, haznoslo saber antes de la boda para que lo tengamos en cuenta. Cada copia extra que dese\u00e9is imprimir, tendr\u00e1 un cargo extra de 2\u20ac. Contar\u00e9is con 1 mes y medio de plazo para mandarnos las fotos impresas.<br \/>\nHaremos una galer\u00eda online con todas las fotograf\u00edas y sin marca de agua para que tanto vosotros como vuestros invitados os pod\u00e1is descargar de una en una o bien todo el reportaje. Mandaremos el link con la entrega completa del reportaje.<\/p>\n<p><strong>C\u00f3mo se reserva con nosotros<\/strong><br \/>\nPara reservar la fecha \u00fanicamente tendr\u00e9is que darnos vuestra confirmaci\u00f3n por mail y formalizar una se\u00f1al de 300\u20ac si solo os interesa fotograf\u00eda o video, y de 600\u20ac si quer\u00e9is contratar los dos.<\/p>\n<p><strong>Publicaciones<\/strong><br \/>\nVer\u00e9is en las redes sociales como en otros medios de comunicaci\u00f3n que muchas parejas colaboran con Volvoreta para que sigamos dando a conocer nuestro trabajo. Una vez realizado el trabajo, y si hab\u00e9is estado muy satisfechos con el resultado, os pediremos que con vuestra supervisi\u00f3n, nos deis permiso para utilizar alguna foto en Instagram y puede que en nuestra web. A los m\u00e1s atrevidos y agradecidos, os preguntaremos por si os apetece que pensemos juntos un resumen de fotos para nuestros blogs\/revistas favoritos.<br \/>\nSi no est\u00e1is a gusto con este tema, se podr\u00e1 contratar una cl\u00e1usula de confidencialidad por 250\u20ac que har\u00e1 que nadie conozca la existencia de las im\u00e1genes en lo que a Volvoreta respecta.<\/p>\n<p>[\/et_pb_text][et_pb_divider _builder_version=\u00bb3.7.1&#8243; show_divider=\u00bboff\u00bb height=\u00bb50px\u00bb \/][\/et_pb_column][\/et_pb_row][\/et_pb_section][et_pb_section bb_built=\u00bb1&#8243; specialty=\u00bboff\u00bb prev_background_color=\u00bb#000000&#8243; _builder_version=\u00bb3.7.1&#8243; disabled=\u00bboff\u00bb disabled_on=\u00bbon|on|\u00bb next_background_color=\u00bb#000000&#8243; global_module=\u00bb124272&#8243;][et_pb_row global_parent=\u00bb124272&#8243; background_position=\u00bbtop_left\u00bb background_repeat=\u00bbrepeat\u00bb background_size=\u00bbinitial\u00bb][et_pb_column type=\u00bb1_5&#8243;][et_pb_text global_parent=\u00bb124272&#8243; _builder_version=\u00bb3.7.1&#8243;]<\/p>\n<h5><strong><a href=\"https:\/\/volvoreta.com\/\">VOLVORETA<\/a><\/strong><\/h5>\n<h5><a href=\"\/?page_id=116541\">Weddings<\/a><\/h5>\n<h5><a href=\"\/?page_id=116555\">Videos<\/a><\/h5>\n<h5><a href=\"\/?page_id=116263\">Moda<\/a><\/h5>\n<p>[\/et_pb_text][\/et_pb_column][et_pb_column type=\u00bb1_5&#8243;][et_pb_text global_parent=\u00bb124272&#8243; _builder_version=\u00bb3.3.1&#8243;]<\/p>\n<h5><strong><a href=\"https:\/\/volvoreta.com\/\">SERVICIOS<\/a><\/strong><\/h5>\n<h5><a href=\"\/?page_id=124464\">FAQ<\/a><\/h5>\n<h5><a href=\"\/?page_id=121726\">Pol\u00edtica de privacidad<\/a><\/h5>\n<h5><a href=\"\/?page_id=121724\">Pol\u00edtica de cookies<\/a><\/h5>\n<h5><a href=\"\/?page_id=120658\">Aviso legal<\/a><\/h5>\n<p>[\/et_pb_text][\/et_pb_column][et_pb_column type=\u00bb1_5&#8243;][et_pb_text global_parent=\u00bb124272&#8243; _builder_version=\u00bb3.3.1&#8243;]<\/p>\n<h5><strong><a href=\"\/?page_id=115974\">CONTACTAR<\/a><\/strong><\/h5>\n<h5><a href=\"\/?page_id=115974\">Contacto<\/a><\/h5>\n<p>[\/et_pb_text][\/et_pb_column][et_pb_column type=\u00bb1_5&#8243;][et_pb_text global_parent=\u00bb124272&#8243; _builder_version=\u00bb3.3.1&#8243;]<\/p>\n<h5><strong><a href=\"https:\/\/volvoreta.com\/en\/\">IDIOMAS<\/a><\/strong><\/h5>\n<h5><a href=\"https:\/\/volvoreta.com\/\">Espa\u00f1ol<\/a><\/h5>\n<h5><a href=\"https:\/\/volvoreta.com\/en\/\">English<\/a><\/h5>\n<p>[\/et_pb_text][\/et_pb_column][et_pb_column type=\u00bb1_5&#8243;][et_pb_text global_parent=\u00bb124272&#8243; _builder_version=\u00bb3.3.1&#8243;]<\/p>\n<h5><strong><a href=\"https:\/\/www.facebook.com\/volvoretabodas\/\">S\u00cdGUENOS<\/a><\/strong><\/h5>\n<h5><a href=\"https:\/\/www.facebook.com\/volvoretabodas\/\">Facebook<\/a><\/h5>\n<h5><a href=\"https:\/\/www.instagram.com\/volvoreta\/\">Instagram<\/a><\/h5>\n<h5><a href=\"https:\/\/www.pinterest.es\/volvoreta1284\/\">Pinterest<\/a><\/h5>\n<h5><a href=\"https:\/\/twitter.com\/VolvoretaBodas\">Twitter<\/a><\/h5>\n<h5><a href=\"https:\/\/vimeo.com\/volvoretabodas\">Vimeo<\/a><\/h5>\n<p>[\/et_pb_text][\/et_pb_column][\/et_pb_row][et_pb_row global_parent=\u00bb124272&#8243; background_position=\u00bbtop_left\u00bb background_repeat=\u00bbrepeat\u00bb background_size=\u00bbinitial\u00bb][et_pb_column type=\u00bb1_3&#8243;][\/et_pb_column][et_pb_column type=\u00bb1_3&#8243;][et_pb_image global_parent=\u00bb124272&#8243; _builder_version=\u00bb3.0.105&#8243; src=\u00bbhttps:\/\/volvoreta.com\/wp-content\/uploads\/logofinalcol.png\u00bb show_in_lightbox=\u00bboff\u00bb url_new_window=\u00bboff\u00bb use_overlay=\u00bboff\u00bb align=\u00bbcenter\u00bb always_center_on_mobile=\u00bbon\u00bb force_fullwidth=\u00bboff\u00bb url=\u00bbhttps:\/\/volvoreta.com\/fotografia-video-bodas-moda-madrid-vigo\/\u00bb animation_style=\u00bbslide\u00bb animation_duration=\u00bb500ms\u00bb animation_intensity_slide=\u00bb10%\u00bb animation_direction=\u00bbbottom\u00bb show_bottom_space=\u00bbon\u00bb max_width=\u00bb30%\u00bb \/][\/et_pb_column][et_pb_column type=\u00bb1_3&#8243;][\/et_pb_column][\/et_pb_row][et_pb_row global_parent=\u00bb124272&#8243; background_position=\u00bbtop_left\u00bb background_repeat=\u00bbrepeat\u00bb background_size=\u00bbinitial\u00bb][et_pb_column type=\u00bb4_4&#8243;][et_pb_text global_parent=\u00bb124272&#8243; _builder_version=\u00bb3.3.1&#8243;]<\/p>\n<div class=\"et_pb_text et_pb_module et_pb_bg_layout_light et_pb_text_align_left et_pb_text_6\">\n<h6 class=\"et_pb_text_inner\" style=\"text-align: center;\"><a href=\"https:\/\/volvoreta.com\/\">copyright \u00a9 volvoreta<\/a> &#8211; all rights reserved . webdesign : <a href=\"https:\/\/www.espacioazul.net\/\">espacio azul<\/a><\/h6>\n<\/div>\n<p>[\/et_pb_text][et_pb_divider global_parent=\u00bb124272&#8243; _builder_version=\u00bb3.3.1&#8243; show_divider=\u00bboff\u00bb height=\u00bb43px\u00bb \/][\/et_pb_column][\/et_pb_row][\/et_pb_section][et_pb_section bb_built=\u00bb1&#8243; specialty=\u00bboff\u00bb _builder_version=\u00bb3.7.1&#8243; disabled=\u00bboff\u00bb disabled_on=\u00bboff|off|on\u00bb prev_background_color=\u00bb#000000&#8243; global_module=\u00bb126405&#8243;][et_pb_row global_parent=\u00bb126405&#8243; background_position=\u00bbtop_left\u00bb background_repeat=\u00bbrepeat\u00bb background_size=\u00bbinitial\u00bb][et_pb_column type=\u00bb1_5&#8243;][et_pb_text global_parent=\u00bb126405&#8243; _builder_version=\u00bb3.7.1&#8243;]<\/p>\n<h6 style=\"text-align: center;\"><strong><a href=\"https:\/\/volvoreta.com\/\">VOLVORETA<\/a><\/strong><br \/>\n<a href=\"\/?page_id=116541\">Weddings<\/a><br \/>\n<a href=\"\/?page_id=116555\">Videos<\/a><br \/>\n<a href=\"\/?page_id=116263\">Moda<\/a><br \/>\n<a href=\"\/?page_id=115974\">Contacto<\/a><\/h6>\n<p>[\/et_pb_text][\/et_pb_column][et_pb_column type=\u00bb1_5&#8243;][et_pb_text global_parent=\u00bb126405&#8243; _builder_version=\u00bb3.7.1&#8243;]<\/p>\n<h6 style=\"text-align: center;\"><strong><a href=\"https:\/\/volvoreta.com\/\">SERVICIOS<\/a><\/strong><br \/>\n<a href=\"\/?page_id=124464\">FAQ<\/a><br \/>\n<a href=\"\/?page_id=121726\">Pol\u00edtica de privacidad<\/a><br \/>\n<a href=\"\/?page_id=121724\">Pol\u00edtica de cookies<\/a><br \/>\n<a href=\"\/?page_id=120658\">Aviso legal<\/a><\/h6>\n<p>[\/et_pb_text][\/et_pb_column][et_pb_column type=\u00bb1_5&#8243;][\/et_pb_column][et_pb_column type=\u00bb1_5&#8243;][et_pb_text global_parent=\u00bb126405&#8243; _builder_version=\u00bb3.7.1&#8243;]<\/p>\n<h6 style=\"text-align: center;\"><strong><a href=\"https:\/\/volvoreta.com\/en\/\">IDIOMAS<\/a><\/strong><br \/>\n<a href=\"https:\/\/volvoreta.com\/\">Espa\u00f1ol<\/a><br \/>\n<a href=\"https:\/\/volvoreta.com\/en\/\">English<\/a><\/h6>\n<p>[\/et_pb_text][\/et_pb_column][et_pb_column type=\u00bb1_5&#8243;][et_pb_text global_parent=\u00bb126405&#8243; _builder_version=\u00bb3.7.1&#8243;]<\/p>\n<h6 style=\"text-align: center;\"><strong><a href=\"https:\/\/www.facebook.com\/volvoretabodas\/\">S\u00cdGUENOS<\/a><\/strong><br \/>\n<a href=\"https:\/\/www.facebook.com\/volvoretabodas\/\">Facebook<\/a><br \/>\n<a href=\"https:\/\/www.instagram.com\/volvoreta\/\">Instagram<\/a><br \/>\n<a href=\"https:\/\/www.pinterest.es\/volvoreta1284\/\">Pinterest<\/a><br \/>\n<a href=\"https:\/\/twitter.com\/VolvoretaBodas\">Twitter<\/a><br \/>\n<a href=\"https:\/\/vimeo.com\/volvoretabodas\">Vimeo<\/a><\/h6>\n<p>[\/et_pb_text][\/et_pb_column][\/et_pb_row][et_pb_row global_parent=\u00bb126405&#8243; background_position=\u00bbtop_left\u00bb background_repeat=\u00bbrepeat\u00bb background_size=\u00bbinitial\u00bb][et_pb_column type=\u00bb1_3&#8243;][\/et_pb_column][et_pb_column type=\u00bb1_3&#8243;][et_pb_divider global_parent=\u00bb126405&#8243; _builder_version=\u00bb3.7.1&#8243; show_divider=\u00bboff\u00bb height=\u00bb15px\u00bb \/][et_pb_image global_parent=\u00bb126405&#8243; _builder_version=\u00bb3.0.105&#8243; src=\u00bbhttps:\/\/volvoreta.com\/wp-content\/uploads\/logofinalcol.png\u00bb show_in_lightbox=\u00bboff\u00bb url_new_window=\u00bboff\u00bb use_overlay=\u00bboff\u00bb align=\u00bbcenter\u00bb always_center_on_mobile=\u00bbon\u00bb force_fullwidth=\u00bboff\u00bb url=\u00bbhttps:\/\/volvoreta.com\/fotografia-video-bodas-moda-madrid-vigo\/\u00bb animation_style=\u00bbslide\u00bb animation_duration=\u00bb500ms\u00bb animation_intensity_slide=\u00bb10%\u00bb animation_direction=\u00bbbottom\u00bb show_bottom_space=\u00bbon\u00bb max_width=\u00bb30%\u00bb \/][\/et_pb_column][et_pb_column type=\u00bb1_3&#8243;][\/et_pb_column][\/et_pb_row][et_pb_row global_parent=\u00bb126405&#8243; background_position=\u00bbtop_left\u00bb background_repeat=\u00bbrepeat\u00bb background_size=\u00bbinitial\u00bb][et_pb_column type=\u00bb4_4&#8243;][et_pb_text global_parent=\u00bb126405&#8243; _builder_version=\u00bb3.7.1&#8243;]<\/p>\n<h6 style=\"text-align: center;\"><a href=\"https:\/\/volvoreta.com\/\">copyright \u00a9 volvoreta &#8211;\u00a0all rights reserved<\/a><br \/>\nwebdesign : <a href=\"https:\/\/www.espacioazul.net\/\">espacio azul<\/a><\/h6>\n<p>[\/et_pb_text][et_pb_divider global_parent=\u00bb126405&#8243; _builder_version=\u00bb3.3.1&#8243; show_divider=\u00bboff\u00bb height=\u00bb43px\u00bb \/][\/et_pb_column][\/et_pb_row][\/et_pb_section]<\/p>\n","protected":false},"excerpt":{"rendered":"<p><div class=\"et_pb_row et_pb_row_0 et_pb_row_empty\">\n\t\t\t\t\n\t\t\t\t\n\t\t\t\t\n\t\t\t\t\n\t\t\t\t\n\t\t\t<\/div><div class=\"et_pb_row et_pb_row_1 et_pb_row_empty\">\n\t\t\t\t\n\t\t\t\t\n\t\t\t\t\n\t\t\t\t\n\t\t\t\t\n\t\t\t<\/div> PREGUNTAS FRECUENTES &nbsp; Horario Nos quedamos desde que empez\u00e1is a vestiros (2 horas en casa de la novia y 1.30 hora en la del novio). Hasta una hora de fiesta. Pasada la hora, podr\u00e1n contratarse todas las horas extra que se quiera. Desplazamientos Tenemos sede en Madrid y acabamos de abrir sede de fotograf\u00eda [&hellip;]<\/p>\n","protected":false},"author":1,"featured_media":0,"parent":0,"menu_order":0,"comment_status":"closed","ping_status":"closed","template":"","meta":{"_et_pb_use_builder":"on","_et_pb_old_content":"","_et_gb_content_width":"","footnotes":""},"class_list":["post-124464","page","type-page","status-publish","hentry"],"yoast_head":"<!-- This site is optimized with the Yoast SEO plugin v27.2 - https:\/\/yoast.com\/product\/yoast-seo-wordpress\/ -->\n<title>Preguntas frecuentes - FAQ - Volvoreta<\/title>\n<meta name=\"robots\" content=\"index, follow, max-snippet:-1, max-image-preview:large, max-video-preview:-1\" \/>\n<link rel=\"canonical\" href=\"https:\/\/volvoreta.com\/es\/preguntas-frecuentes-faq\/\" \/>\n<meta property=\"og:locale\" content=\"es_ES\" \/>\n<meta property=\"og:type\" content=\"article\" \/>\n<meta property=\"og:title\" content=\"Preguntas frecuentes - FAQ - Volvoreta\" \/>\n<meta property=\"og:description\" content=\"PREGUNTAS FRECUENTES &nbsp; Horario Nos quedamos desde que empez\u00e1is a vestiros (2 horas en casa de la novia y 1.30 hora en la del novio). Hasta una hora de fiesta. Pasada la hora, podr\u00e1n contratarse todas las horas extra que se quiera. Desplazamientos Tenemos sede en Madrid y acabamos de abrir sede de fotograf\u00eda [&hellip;]\" \/>\n<meta property=\"og:url\" content=\"https:\/\/volvoreta.com\/es\/preguntas-frecuentes-faq\/\" \/>\n<meta property=\"og:site_name\" content=\"Volvoreta\" \/>\n<meta property=\"article:publisher\" content=\"https:\/\/www.facebook.com\/volvoretabodas\/\" \/>\n<meta property=\"article:modified_time\" content=\"2018-06-29T08:57:02+00:00\" \/>\n<meta name=\"twitter:card\" content=\"summary_large_image\" \/>\n<meta name=\"twitter:site\" content=\"@VolvoretaBodas\" \/>\n<meta name=\"twitter:label1\" content=\"Tiempo de lectura\" \/>\n\t<meta name=\"twitter:data1\" content=\"6 minutos\" \/>\n<script type=\"application\/ld+json\" class=\"yoast-schema-graph\">{\"@context\":\"https:\/\/schema.org\",\"@graph\":[{\"@type\":\"WebPage\",\"@id\":\"https:\/\/volvoreta.com\/es\/preguntas-frecuentes-faq\/\",\"url\":\"https:\/\/volvoreta.com\/es\/preguntas-frecuentes-faq\/\",\"name\":\"Preguntas frecuentes - FAQ - Volvoreta\",\"isPartOf\":{\"@id\":\"https:\/\/volvoreta.com\/es\/#website\"},\"datePublished\":\"2018-05-26T10:58:43+00:00\",\"dateModified\":\"2018-06-29T08:57:02+00:00\",\"breadcrumb\":{\"@id\":\"https:\/\/volvoreta.com\/es\/preguntas-frecuentes-faq\/#breadcrumb\"},\"inLanguage\":\"es\",\"potentialAction\":[{\"@type\":\"ReadAction\",\"target\":[\"https:\/\/volvoreta.com\/es\/preguntas-frecuentes-faq\/\"]}]},{\"@type\":\"BreadcrumbList\",\"@id\":\"https:\/\/volvoreta.com\/es\/preguntas-frecuentes-faq\/#breadcrumb\",\"itemListElement\":[{\"@type\":\"ListItem\",\"position\":1,\"name\":\"Portada\",\"item\":\"https:\/\/volvoreta.com\/es\/\"},{\"@type\":\"ListItem\",\"position\":2,\"name\":\"Preguntas frecuentes &#8211; FAQ\"}]},{\"@type\":\"WebSite\",\"@id\":\"https:\/\/volvoreta.com\/es\/#website\",\"url\":\"https:\/\/volvoreta.com\/es\/\",\"name\":\"Volvoreta\",\"description\":\"Wedding and fashion Photography\",\"potentialAction\":[{\"@type\":\"SearchAction\",\"target\":{\"@type\":\"EntryPoint\",\"urlTemplate\":\"https:\/\/volvoreta.com\/es\/?s={search_term_string}\"},\"query-input\":{\"@type\":\"PropertyValueSpecification\",\"valueRequired\":true,\"valueName\":\"search_term_string\"}}],\"inLanguage\":\"es\"}]}<\/script>\n<!-- \/ Yoast SEO plugin. -->","yoast_head_json":{"title":"Preguntas frecuentes - FAQ - Volvoreta","robots":{"index":"index","follow":"follow","max-snippet":"max-snippet:-1","max-image-preview":"max-image-preview:large","max-video-preview":"max-video-preview:-1"},"canonical":"https:\/\/volvoreta.com\/es\/preguntas-frecuentes-faq\/","og_locale":"es_ES","og_type":"article","og_title":"Preguntas frecuentes - FAQ - Volvoreta","og_description":"PREGUNTAS FRECUENTES &nbsp; Horario Nos quedamos desde que empez\u00e1is a vestiros (2 horas en casa de la novia y 1.30 hora en la del novio). Hasta una hora de fiesta. Pasada la hora, podr\u00e1n contratarse todas las horas extra que se quiera. Desplazamientos Tenemos sede en Madrid y acabamos de abrir sede de fotograf\u00eda [&hellip;]","og_url":"https:\/\/volvoreta.com\/es\/preguntas-frecuentes-faq\/","og_site_name":"Volvoreta","article_publisher":"https:\/\/www.facebook.com\/volvoretabodas\/","article_modified_time":"2018-06-29T08:57:02+00:00","twitter_card":"summary_large_image","twitter_site":"@VolvoretaBodas","twitter_misc":{"Tiempo de lectura":"6 minutos"},"schema":{"@context":"https:\/\/schema.org","@graph":[{"@type":"WebPage","@id":"https:\/\/volvoreta.com\/es\/preguntas-frecuentes-faq\/","url":"https:\/\/volvoreta.com\/es\/preguntas-frecuentes-faq\/","name":"Preguntas frecuentes - FAQ - Volvoreta","isPartOf":{"@id":"https:\/\/volvoreta.com\/es\/#website"},"datePublished":"2018-05-26T10:58:43+00:00","dateModified":"2018-06-29T08:57:02+00:00","breadcrumb":{"@id":"https:\/\/volvoreta.com\/es\/preguntas-frecuentes-faq\/#breadcrumb"},"inLanguage":"es","potentialAction":[{"@type":"ReadAction","target":["https:\/\/volvoreta.com\/es\/preguntas-frecuentes-faq\/"]}]},{"@type":"BreadcrumbList","@id":"https:\/\/volvoreta.com\/es\/preguntas-frecuentes-faq\/#breadcrumb","itemListElement":[{"@type":"ListItem","position":1,"name":"Portada","item":"https:\/\/volvoreta.com\/es\/"},{"@type":"ListItem","position":2,"name":"Preguntas frecuentes &#8211; FAQ"}]},{"@type":"WebSite","@id":"https:\/\/volvoreta.com\/es\/#website","url":"https:\/\/volvoreta.com\/es\/","name":"Volvoreta","description":"Wedding and fashion Photography","potentialAction":[{"@type":"SearchAction","target":{"@type":"EntryPoint","urlTemplate":"https:\/\/volvoreta.com\/es\/?s={search_term_string}"},"query-input":{"@type":"PropertyValueSpecification","valueRequired":true,"valueName":"search_term_string"}}],"inLanguage":"es"}]}},"_links":{"self":[{"href":"https:\/\/volvoreta.com\/es\/wp-json\/wp\/v2\/pages\/124464","targetHints":{"allow":["GET"]}}],"collection":[{"href":"https:\/\/volvoreta.com\/es\/wp-json\/wp\/v2\/pages"}],"about":[{"href":"https:\/\/volvoreta.com\/es\/wp-json\/wp\/v2\/types\/page"}],"author":[{"embeddable":true,"href":"https:\/\/volvoreta.com\/es\/wp-json\/wp\/v2\/users\/1"}],"replies":[{"embeddable":true,"href":"https:\/\/volvoreta.com\/es\/wp-json\/wp\/v2\/comments?post=124464"}],"version-history":[{"count":0,"href":"https:\/\/volvoreta.com\/es\/wp-json\/wp\/v2\/pages\/124464\/revisions"}],"wp:attachment":[{"href":"https:\/\/volvoreta.com\/es\/wp-json\/wp\/v2\/media?parent=124464"}],"curies":[{"name":"wp","href":"https:\/\/api.w.org\/{rel}","templated":true}]}}